{"id":3435,"date":"2026-02-05T09:38:48","date_gmt":"2026-02-05T09:38:48","guid":{"rendered":"https:\/\/weisetoys.bonsaidev.nl\/collectables\/geschaftsbedingungen\/"},"modified":"2026-04-14T11:37:00","modified_gmt":"2026-04-14T09:37:00","slug":"geschaftsbedingungen","status":"publish","type":"page","link":"https:\/\/www.weise-toys.com\/collectibles\/geschaftsbedingungen\/?lang=de","title":{"rendered":"Gesch\u00e4ftsbedingungen"},"content":{"rendered":"<section  class='av_textblock_section av-ml972dyo-6927572ad127e9a131f5acab9df48dde '   itemscope=\"itemscope\" itemtype=\"https:\/\/schema.org\/CreativeWork\" ><div class='avia_textblock'  itemprop=\"text\" ><h4>Artikel 1 \u2013 Geltungsbereich<\/h4>\n<ol>\n<li>Die Bedingungen gelten f\u00fcr alle Angebote, Auftragsbest\u00e4tigungen, Vereinbarungen und Lieferungen, die wir machen.<\/li>\n<\/ol>\n<h4>Artikel 2 \u2013 Vertragsschluss<\/h4>\n<ol>\n<li>Alle unsere Angebote sind unverbindlich und 30 Tage g\u00fcltig, sofern nicht anders angegeben<\/li>\n<li>Wenn wir dem K\u00e4ufer den Inhalt einer Vereinbarung schriftlich best\u00e4tigen und der K\u00e4ufer ihre Richtigkeit nicht innerhalb von 5 Arbeitstagen bestreitet, sind die Parteien daran gebunden.<\/li>\n<li>Sofern keine ausdr\u00fccklichen schriftlichen Aufzeichnungen vorliegen, gelten die Bestellung des K\u00e4ufers und unsere Vereinbarung als Abschluss einer Vereinbarung. Der sp\u00e4ter auf dem Lieferschein angegebene Nachweis dient als Beweis f\u00fcr den Inhalt der Vereinbarung.<\/li>\n<li>Spezifikationen, Anweisungen usw. sind nur g\u00fcltig, wenn und soweit sie im Angebot enthalten sind.<\/li>\n<\/ol>\n<h4>Artikel 3 \u2013 Preise<\/h4>\n<ol>\n<li>Alle angebotenen und vereinbarten Preise verstehen sich ohne Mehrwertsteuer, Lieferung ab Werk Weert und ohne Zuschlag f\u00fcr Transportkreditbeschr\u00e4nkungen, unvermindert der Bestimmungen von Artikel 4, Absatz 6. Diese Preise sind basiert auf Tarife , L\u00f6hnen, Einfuhrz\u00f6llen, Steuern und anderen preisbestimmenden Faktoren, die zum Zeitpunkt des Angebots oder des Vertragsabschlusses gelten.<\/li>\n<li>Im Falle einer \u00c4nderung eines oder mehrerer dieser Faktoren sind wir auch berechtigt, die angebotenen oder vereinbarten Preise entsprechend und r\u00fcckwirkend an den Zeitpunkt der \u00c4nderung anzupassen. Wir werden die \u00c4nderung auf Wunsch des K\u00e4ufers nachweisen.<\/li>\n<li>Eine solche Preisanpassung berechtigt den K\u00e4ufer nicht zur K\u00fcndigung des Vertrages.<\/li>\n<li>Unsere Preislisten und sonstigen Preisangaben stellen kein Angebot dar. Wir behalten uns ausdr\u00fccklich das Recht vor, unsere Preisangaben zu \u00e4ndern, wenn der Markt dies veranlasst.<\/li>\n<\/ol>\n<h4>Artikel 4 \u2013 Lieferung und Lieferzeiten<\/h4>\n<ol>\n<li>Wir behalten uns jederzeit das Recht vor, 10% mehr oder weniger zu liefern.<\/li>\n<li>Wir sind berechtigt, Teillieferungen vorzunehmen.<\/li>\n<li>Vor der Lieferung behalten wir uns das Recht vor, vom K\u00e4ufer eine Sicherheit f\u00fcr die Erf\u00fcllung seiner Zahlungsverpflichtung zu verlangen.<\/li>\n<li>Angegebene Lieferzeiten gelten niemals als Fristen, sofern nicht ausdr\u00fccklich schriftlich etwas anderes vereinbart wurde. Im Falle einer versp\u00e4teten Lieferung m\u00fcssen wir daher schriftlich \u00fcber den Verzug informiert werden.<\/li>\n<li>Eine \u00dcberschreitung der Lieferzeit verpflichtet uns nicht zu einer Entsch\u00e4digung und gibt dem K\u00e4ufer nicht das Recht, vom Vertrag zur\u00fcckzutreten.<\/li>\n<li>Wenn der K\u00e4ufer die Versandart festlegt, tr\u00e4gt der K\u00e4ufer die damit verbundenen Kosten.<\/li>\n<li>Alle Waren unterliegen dem Risiko des K\u00e4ufers ab dem Zeitpunkt, an dem sie unser Gel\u00e4nde verlassen haben, oder, falls die Waren von uns gelagert werden, ab dem Zeitpunkt der Rechnungsstellung. Alle Waren werden auf Kosten und Gefahr des K\u00e4ufers transportiert, auch wenn die Frachtkosten auf unsere Rechnung gehen.<\/li>\n<li>Die Gegenpartei ist verpflichtet, die gekaufte Ware zum Zeitpunkt ihrer Lieferung oder zum Zeitpunkt der \u00dcbergabe an ihn gem\u00e4\u00df der Vereinbarung entgegenzunehmen. Wenn die Gegenpartei die f\u00fcr die Lieferung erforderlichen Informationen oder Anweisungen verweigert oder nicht liefert, wird die Ware auf Risiko der Gegenpartei gelagert. In diesem Fall schuldet die Gegenpartei alle zus\u00e4tzlichen Kosten, einschlie\u00dflich in jedem Fall Lagerkosten.<\/li>\n<\/ol>\n<h4>Artikel 5 \u2013 Zahlung<\/h4>\n<ol>\n<li>Wenn die Ware in Teilen geliefert wird, wird f\u00fcr jede Sendung eine Rechnung separat erstellt.<\/li>\n<li>Auch wenn der K\u00e4ufer die Ware nicht zum vereinbarten Termin oder fr\u00fcher oder sp\u00e4ter entgegennimmt, wird eine Rechnung erstellt.<\/li>\n<li>Wird die Ware zwischenzeitlich bei uns gelagert, wird nach Fertigstellung der Ware auch eine Rechnung erstellt.<\/li>\n<li>Die Zahlung der Rechnung muss innerhalb der auf der Rechnung angegebenen vereinbarten Frist oder, falls dies nicht der Fall ist, innerhalb von 30 Tagen nach Rechnungsdatum erfolgen. Eine Abrechnung ist nicht zul\u00e4ssig.<\/li>\n<li>Wenn die Zahlung nicht innerhalb der vereinbarten Zahlungsfrist von maximal 30 Tagen erfolgt ist, ist der K\u00e4ufer in Verzug. Ab dem Zeitpunkt des Verzugs schuldet der K\u00e4ufer Zinsen auf den zum gesetzlichen Satz zu zahlenden Betrag + 2%. Alle au\u00dfergerichtlichen Kosten, die uns entstehen, gehen ebenfalls zu Lasten des K\u00e4ufers. Diese au\u00dfergerichtlichen Inkassokosten werden auf 15% des Kapitalbetrags und der Zinsen oder auf die jeweils aktuelle Inkassorate der Niederl\u00e4ndischen Anwaltskammer festgesetzt.<\/li>\n<li>Vom K\u00e4ufer geleistete Zahlungen reichen immer aus, um alle geschuldeten Zinsen und Kosten und anschlie\u00dfend die am l\u00e4ngsten ausstehenden Rechnungen zu decken, auch wenn der K\u00e4ufer angibt, dass sich die Zahlung auf eine sp\u00e4tere Rechnung bezieht.<\/li>\n<li>Ab dem Tag, an dem der K\u00e4ufer in Verzug ist, werden alle anderen Anspr\u00fcche gegen den K\u00e4ufer, insbesondere bei Lieferung in mehreren Sendungen, sofort f\u00e4llig und zahlbar.<\/li>\n<\/ol>\n<h4>Artikel 6 \u2013 Reklamation<\/h4>\n<ol>\n<li>Reklamationen werden nur bearbeitet, wenn sie innerhalb von 8 Werktagen nach Lieferung der betreffenden Ware per Einschreiben bei uns eingehen und nur dann und soweit sich die gelieferte Ware noch in einem unverarbeiteten Zustand befindet. Die Bearbeitung einer Beschwerde bedeutet keinerlei Haftungs\u00fcbernahme.<\/li>\n<li>Um uns ein m\u00f6glichst genaues Bild machen zu k\u00f6nnen, muss die Beschwerde eingereicht werden, wobei Art und Gr\u00fcnde der Beschwerden so genau wie m\u00f6glich anzugeben sind.<\/li>\n<li>Reklamationen werden nur dann als begr\u00fcndet erkl\u00e4rt, wenn die gelieferte Ware von der Produktspezifikation abweicht.<\/li>\n<li>Halten wir die Beanstandungen des K\u00e4ufers f\u00fcr begr\u00fcndet, verpflichten wir uns ausschlie\u00dflich, die Leistung noch zu erbringen oder den Kaufpreis durch Gutschrift des Leistungsbetrages zu erstatten. Der K\u00e4ufer ist nicht berechtigt, Betr\u00e4ge mit ausstehenden Rechnungen zu verrechnen.<\/li>\n<li>Die R\u00fccksendung von Waren ist nur nach unserer Erlaubnis gestattet und muss schriftlich erfolgen.<\/li>\n<\/ol>\n<h4>Artikel 7 \u2013 Haftung<\/h4>\n<ol>\n<li>Wir schlie\u00dfen jegliche Haftung f\u00fcr Sch\u00e4den aus, einschlie\u00dflich Folgesch\u00e4den, die durch die Verwendung oder Lieferung der von uns gelieferten Waren verursacht werden.<\/li>\n<li>Im Falle eines zurechenbaren Mangels an der Vertragserf\u00fcllung, einschlie\u00dflich des Transports, haften wir nicht f\u00fcr Sch\u00e4den des K\u00e4ufers, es sei denn, der Schaden beruht auf unserer Vorsatz oder grober Fahrl\u00e4ssigkeit. Die Beweislast f\u00fcr diese Vorsatz oder grobe Fahrl\u00e4ssigkeit liegt beim K\u00e4ufer. In diesem Fall sind wir verpflichtet, eine Entsch\u00e4digung in H\u00f6he des auf der entsprechenden Rechnung angegebenen Kapitalbetrags zu zahlen.<\/li>\n<li>H\u00f6here Gewalt umfasst alle Umst\u00e4nde, die der Verk\u00e4ufer nicht vern\u00fcnftigerweise h\u00e4tte verhindern k\u00f6nnen, einschlie\u00dflich: Streiks, Arbeitsunterbrechungen, Maschinenausfall, Rohstoffknappheit, Insolvenz der Lieferanten, Stagnation des Angebots.<\/li>\n<li>Im Falle h\u00f6herer Gewalt sind wir berechtigt, entweder die Vereinbarung \u00fcber die Aussetzung der Verpflichtungen des Verk\u00e4ufers f\u00fcr die Dauer der h\u00f6heren Gewalt aufrechtzuerhalten oder die Vereinbarung aufgrund unvorhergesehener Umst\u00e4nde zu k\u00fcndigen, ohne verpflichtet zu sein, dem K\u00e4ufer eine Entsch\u00e4digung zu zahlen.<\/li>\n<li>Der K\u00e4ufer kann uns schriftlich beauftragen, um uns innerhalb von 10 Werktagen eine Meinung zu unserer Wahl zu geben.<\/li>\n<\/ol>\n<h4>Artikel 8 \u2013 Sicherheiten<\/h4>\n<ol>\n<li>Alle von uns gelieferten Waren bleiben unser Eigentum, bis der K\u00e4ufer seinen Zahlungsverpflichtungen nachgekommen ist.<\/li>\n<li>Bei versp\u00e4teter Zahlung eines f\u00e4lligen Betrages sind wir berechtigt, den Vertrag ohne Inverzugsetzung und ohne gerichtliche Intervention ganz oder teilweise aufzul\u00f6sen und die unter unserem Eigentumsvorbehalt stehende Ware unbeschadet als unser Eigentum zu beanspruchen zu unserem Recht auf Entsch\u00e4digung.<\/li>\n<\/ol>\n<h4>Artikel 9 \u2013 Streitigkeiten<\/h4>\n<ol>\n<li>F\u00fcr alle unsere Angebote, Auftragsbest\u00e4tigungen und Vereinbarungen gilt Niederl\u00e4ndisches Recht.<\/li>\n<li>Streitigkeiten zwischen uns und dem K\u00e4ufer werden unter Ausschluss anderer Gerichte und Beh\u00f6rden dem zust\u00e4ndigen Gericht im Bezirk Roermond vorgelegt, soweit dem keine gesetzlichen Bestimmungen entgegenstehen.<\/li>\n<\/ol>\n<\/div><\/section>\n","protected":false},"excerpt":{"rendered":"","protected":false},"author":2,"featured_media":0,"parent":0,"menu_order":0,"comment_status":"closed","ping_status":"closed","template":"","meta":{"_monsterinsights_skip_tracking":false,"_monsterinsights_sitenote_active":false,"_monsterinsights_sitenote_note":"","_monsterinsights_sitenote_category":0,"footnotes":""},"class_list":["post-3435","page","type-page","status-publish","hentry"],"yoast_head":"<!-- This site is optimized with the Yoast SEO plugin v27.4 - https:\/\/yoast.com\/product\/yoast-seo-wordpress\/ -->\n<title>Gesch\u00e4ftsbedingungen - Weise toys Collectibles<\/title>\n<meta name=\"description\" content=\"Lesen Sie die Allgemeinen Gesch\u00e4ftsbedingungen von Weise Toys zu Bestellungen, Lieferung, ma\u00dfgefertigten Modellen und unseren Dienstleistungen.\" \/>\n<meta name=\"robots\" content=\"index, follow, max-snippet:-1, max-image-preview:large, max-video-preview:-1\" \/>\n<link rel=\"canonical\" href=\"https:\/\/www.weise-toys.com\/collectibles\/algemene-voorwaarden\/\" \/>\n<meta property=\"og:locale\" content=\"nl_NL\" \/>\n<meta property=\"og:type\" content=\"article\" \/>\n<meta property=\"og:title\" content=\"Gesch\u00e4ftsbedingungen - Weise toys Collectibles\" \/>\n<meta property=\"og:description\" content=\"Lesen Sie die Allgemeinen Gesch\u00e4ftsbedingungen von Weise Toys zu Bestellungen, Lieferung, ma\u00dfgefertigten Modellen und unseren Dienstleistungen.\" \/>\n<meta property=\"og:url\" content=\"https:\/\/www.weise-toys.com\/collectibles\/algemene-voorwaarden\/\" \/>\n<meta property=\"og:site_name\" content=\"Weise toys Collectibles\" \/>\n<meta property=\"article:modified_time\" content=\"2026-04-14T09:37:00+00:00\" \/>\n<meta name=\"twitter:card\" content=\"summary_large_image\" \/>\n<meta name=\"twitter:label1\" content=\"Geschatte leestijd\" \/>\n\t<meta name=\"twitter:data1\" content=\"6 minuten\" \/>\n<script type=\"application\/ld+json\" class=\"yoast-schema-graph\">{\"@context\":\"https:\\\/\\\/schema.org\",\"@graph\":[{\"@type\":\"WebPage\",\"@id\":\"https:\\\/\\\/www.weise-toys.com\\\/collectibles\\\/algemene-voorwaarden\\\/\",\"url\":\"https:\\\/\\\/www.weise-toys.com\\\/collectibles\\\/algemene-voorwaarden\\\/\",\"name\":\"Gesch\u00e4ftsbedingungen - Weise toys Collectibles\",\"isPartOf\":{\"@id\":\"https:\\\/\\\/www.weise-toys.com\\\/collectibles\\\/#website\"},\"datePublished\":\"2026-02-05T09:38:48+00:00\",\"dateModified\":\"2026-04-14T09:37:00+00:00\",\"description\":\"Lesen Sie die Allgemeinen Gesch\u00e4ftsbedingungen von Weise Toys zu Bestellungen, Lieferung, ma\u00dfgefertigten Modellen und unseren Dienstleistungen.\",\"breadcrumb\":{\"@id\":\"https:\\\/\\\/www.weise-toys.com\\\/collectibles\\\/algemene-voorwaarden\\\/#breadcrumb\"},\"inLanguage\":\"nl-NL\",\"potentialAction\":[{\"@type\":\"ReadAction\",\"target\":[\"https:\\\/\\\/www.weise-toys.com\\\/collectibles\\\/algemene-voorwaarden\\\/\"]}]},{\"@type\":\"BreadcrumbList\",\"@id\":\"https:\\\/\\\/www.weise-toys.com\\\/collectibles\\\/algemene-voorwaarden\\\/#breadcrumb\",\"itemListElement\":[{\"@type\":\"ListItem\",\"position\":1,\"name\":\"Home\",\"item\":\"https:\\\/\\\/www.weise-toys.com\\\/collectibles\\\/home\\\/\"},{\"@type\":\"ListItem\",\"position\":2,\"name\":\"Gesch\u00e4ftsbedingungen\"}]},{\"@type\":\"WebSite\",\"@id\":\"https:\\\/\\\/www.weise-toys.com\\\/collectibles\\\/#website\",\"url\":\"https:\\\/\\\/www.weise-toys.com\\\/collectibles\\\/\",\"name\":\"Weise toys Collectibles\",\"description\":\"Turning passion into precision\",\"potentialAction\":[{\"@type\":\"SearchAction\",\"target\":{\"@type\":\"EntryPoint\",\"urlTemplate\":\"https:\\\/\\\/www.weise-toys.com\\\/collectibles\\\/?s={search_term_string}\"},\"query-input\":{\"@type\":\"PropertyValueSpecification\",\"valueRequired\":true,\"valueName\":\"search_term_string\"}}],\"inLanguage\":\"nl-NL\"}]}<\/script>\n<!-- \/ Yoast SEO plugin. -->","yoast_head_json":{"title":"Gesch\u00e4ftsbedingungen - Weise toys Collectibles","description":"Lesen Sie die Allgemeinen Gesch\u00e4ftsbedingungen von Weise Toys zu Bestellungen, Lieferung, ma\u00dfgefertigten Modellen und unseren Dienstleistungen.","robots":{"index":"index","follow":"follow","max-snippet":"max-snippet:-1","max-image-preview":"max-image-preview:large","max-video-preview":"max-video-preview:-1"},"canonical":"https:\/\/www.weise-toys.com\/collectibles\/algemene-voorwaarden\/","og_locale":"nl_NL","og_type":"article","og_title":"Gesch\u00e4ftsbedingungen - Weise toys Collectibles","og_description":"Lesen Sie die Allgemeinen Gesch\u00e4ftsbedingungen von Weise Toys zu Bestellungen, Lieferung, ma\u00dfgefertigten Modellen und unseren Dienstleistungen.","og_url":"https:\/\/www.weise-toys.com\/collectibles\/algemene-voorwaarden\/","og_site_name":"Weise toys Collectibles","article_modified_time":"2026-04-14T09:37:00+00:00","twitter_card":"summary_large_image","twitter_misc":{"Geschatte leestijd":"6 minuten"},"schema":{"@context":"https:\/\/schema.org","@graph":[{"@type":"WebPage","@id":"https:\/\/www.weise-toys.com\/collectibles\/algemene-voorwaarden\/","url":"https:\/\/www.weise-toys.com\/collectibles\/algemene-voorwaarden\/","name":"Gesch\u00e4ftsbedingungen - Weise toys Collectibles","isPartOf":{"@id":"https:\/\/www.weise-toys.com\/collectibles\/#website"},"datePublished":"2026-02-05T09:38:48+00:00","dateModified":"2026-04-14T09:37:00+00:00","description":"Lesen Sie die Allgemeinen Gesch\u00e4ftsbedingungen von Weise Toys zu Bestellungen, Lieferung, ma\u00dfgefertigten Modellen und unseren Dienstleistungen.","breadcrumb":{"@id":"https:\/\/www.weise-toys.com\/collectibles\/algemene-voorwaarden\/#breadcrumb"},"inLanguage":"nl-NL","potentialAction":[{"@type":"ReadAction","target":["https:\/\/www.weise-toys.com\/collectibles\/algemene-voorwaarden\/"]}]},{"@type":"BreadcrumbList","@id":"https:\/\/www.weise-toys.com\/collectibles\/algemene-voorwaarden\/#breadcrumb","itemListElement":[{"@type":"ListItem","position":1,"name":"Home","item":"https:\/\/www.weise-toys.com\/collectibles\/home\/"},{"@type":"ListItem","position":2,"name":"Gesch\u00e4ftsbedingungen"}]},{"@type":"WebSite","@id":"https:\/\/www.weise-toys.com\/collectibles\/#website","url":"https:\/\/www.weise-toys.com\/collectibles\/","name":"Weise toys Collectibles","description":"Turning passion into precision","potentialAction":[{"@type":"SearchAction","target":{"@type":"EntryPoint","urlTemplate":"https:\/\/www.weise-toys.com\/collectibles\/?s={search_term_string}"},"query-input":{"@type":"PropertyValueSpecification","valueRequired":true,"valueName":"search_term_string"}}],"inLanguage":"nl-NL"}]}},"_links":{"self":[{"href":"https:\/\/www.weise-toys.com\/collectibles\/wp-json\/wp\/v2\/pages\/3435","targetHints":{"allow":["GET"]}}],"collection":[{"href":"https:\/\/www.weise-toys.com\/collectibles\/wp-json\/wp\/v2\/pages"}],"about":[{"href":"https:\/\/www.weise-toys.com\/collectibles\/wp-json\/wp\/v2\/types\/page"}],"author":[{"embeddable":true,"href":"https:\/\/www.weise-toys.com\/collectibles\/wp-json\/wp\/v2\/users\/2"}],"replies":[{"embeddable":true,"href":"https:\/\/www.weise-toys.com\/collectibles\/wp-json\/wp\/v2\/comments?post=3435"}],"version-history":[{"count":2,"href":"https:\/\/www.weise-toys.com\/collectibles\/wp-json\/wp\/v2\/pages\/3435\/revisions"}],"predecessor-version":[{"id":7146,"href":"https:\/\/www.weise-toys.com\/collectibles\/wp-json\/wp\/v2\/pages\/3435\/revisions\/7146"}],"wp:attachment":[{"href":"https:\/\/www.weise-toys.com\/collectibles\/wp-json\/wp\/v2\/media?parent=3435"}],"curies":[{"name":"wp","href":"https:\/\/api.w.org\/{rel}","templated":true}]}}